{"id":7,"date":"2020-10-20T14:28:07","date_gmt":"2020-10-20T14:28:07","guid":{"rendered":"https:\/\/ib37.ca\/about\/"},"modified":"2024-10-04T14:12:33","modified_gmt":"2024-10-04T14:12:33","slug":"about","status":"publish","type":"page","link":"https:\/\/ib37.ca\/fr\/about\/","title":{"rendered":"\u00c0 propos de nous"},"content":{"rendered":"\u00c0 propos de nous\n\n\n\n\n\n\n\n\n\n\n\n\n<span style=\"font-family: &quot;Open Sans&quot;; font-size: small;\">Research project in architecture and digital crafts carried out by students of the master&#8217;s program in Architecture at the University of Montreal.<br>\nARC801 H 2021<br>\nLe mat\u00e9riel a \u00e9t\u00e9 d\u00e9coup\u00e9 par Industries B37.<\/span>\n\n\nDelivered Fast\nPrecision Sheet Metal Solutions\n\n<p style=\"\">Sp\u00e9cialis\u00e9s dans le d\u00e9coupage, le pliage et le soudage pour les industries exigeant des travaux r\u00e9p\u00e9titifs, nous offrons une rapidit\u00e9, une qualit\u00e9 et un service in\u00e9gal\u00e9s \u00e0 partir de Boisbriand, pr\u00e8s de Montr\u00e9al.<br><\/p>\n\n\n\n\n\nPourquoi nous choisir ?\n\n\n\n\n\n<p><span>Les services et produits fabriqu\u00e9s par Industries B37 correspondent aux exigences de l'industrie.<\/span><\/p><div><br><\/div>\n\n\n\n\n<p><span style=\"font-size: 14px;\">Nos produits sont fi\u00e8rement fabriqu\u00e9s au Canada.<\/span><span style=\"font-size: 14px\">&nbsp;<\/span><\/p>\n\n\n\n\n<p><span style=\"font-size: 14px;\">Le service est rapide et personnalis\u00e9.<\/span><span style=\"font-size: 14px\">&nbsp;<\/span><\/p>\n\n\n\n\n\n\n\n\nNous Transformons vos Id\u00e9es en R\u00e9alit\u00e9s\n\n\n\n<p><span style=\"line-height: 1.5; color: rgb(255, 255, 255);\">Industries B37 vous assistera dans les phases de conception et de fabrication n\u00e9cessaires pour transformer votre id\u00e9e en r\u00e9alit\u00e9. Notre \u00e9quipe est \u00e0 votre disposition pour surmonter les obstacles que vous pourriez rencontrer. Notre vaste exp\u00e9rience et nos installations de pointe rationaliseront votre processus de fabrication, ce qui permettra de r\u00e9duire les co\u00fbts et d'am\u00e9liorer la qualit\u00e9 de vos produits.<\/span><\/p>","protected":false},"excerpt":{"rendered":"","protected":false},"author":1,"featured_media":0,"parent":0,"menu_order":0,"comment_status":"closed","ping_status":"closed","template":"","meta":{"pagelayer_contact_templates":[],"_pagelayer_content":"","footnotes":""},"class_list":["post-7","page","type-page","status-publish","hentry"],"yoast_head":"<!-- This site is optimized with the Yoast SEO plugin v27.4 - https:\/\/yoast.com\/product\/yoast-seo-wordpress\/ -->\n<title>About - Industries B37 Inc. - Contact Us Now For Details<\/title>\n<meta name=\"description\" content=\"IB37 can help you with your project from start to finish. From design to cutting, bending, and welding of sheet metal to final assembly.\" \/>\n<meta name=\"robots\" content=\"index, follow, max-snippet:-1, max-image-preview:large, max-video-preview:-1\" \/>\n<link rel=\"canonical\" href=\"https:\/\/ib37.ca\/fr\/about\/\" \/>\n<meta property=\"og:locale\" content=\"fr_FR\" \/>\n<meta property=\"og:type\" content=\"article\" \/>\n<meta property=\"og:title\" content=\"About - Industries B37 Inc. - Contact Us Now For Details\" \/>\n<meta property=\"og:description\" content=\"IB37 can help you with your project from start to finish. From design to cutting, bending, and welding of sheet metal to final assembly.\" \/>\n<meta property=\"og:url\" content=\"https:\/\/ib37.ca\/fr\/about\/\" \/>\n<meta property=\"og:site_name\" content=\"Industries B37 Inc.\" \/>\n<meta property=\"article:modified_time\" content=\"2024-10-04T14:12:33+00:00\" \/>\n<meta name=\"twitter:card\" content=\"summary_large_image\" \/>\n<meta name=\"twitter:label1\" content=\"Dur\u00e9e de lecture estim\u00e9e\" \/>\n\t<meta name=\"twitter:data1\" content=\"1 minute\" \/>\n<script type=\"application\/ld+json\" class=\"yoast-schema-graph\">{\"@context\":\"https:\\\/\\\/schema.org\",\"@graph\":[{\"@type\":\"WebPage\",\"@id\":\"https:\\\/\\\/ib37.ca\\\/about\\\/\",\"url\":\"https:\\\/\\\/ib37.ca\\\/about\\\/\",\"name\":\"About - Industries B37 Inc. - Contact Us Now For Details\",\"isPartOf\":{\"@id\":\"https:\\\/\\\/ib37.ca\\\/#website\"},\"datePublished\":\"2020-10-20T14:28:07+00:00\",\"dateModified\":\"2024-10-04T14:12:33+00:00\",\"description\":\"IB37 can help you with your project from start to finish. From design to cutting, bending, and welding of sheet metal to final assembly.\",\"breadcrumb\":{\"@id\":\"https:\\\/\\\/ib37.ca\\\/about\\\/#breadcrumb\"},\"inLanguage\":\"fr-FR\",\"potentialAction\":[{\"@type\":\"ReadAction\",\"target\":[\"https:\\\/\\\/ib37.ca\\\/about\\\/\"]}]},{\"@type\":\"BreadcrumbList\",\"@id\":\"https:\\\/\\\/ib37.ca\\\/about\\\/#breadcrumb\",\"itemListElement\":[{\"@type\":\"ListItem\",\"position\":1,\"name\":\"Home\",\"item\":\"https:\\\/\\\/ib37.ca\\\/\"},{\"@type\":\"ListItem\",\"position\":2,\"name\":\"About\"}]},{\"@type\":\"WebSite\",\"@id\":\"https:\\\/\\\/ib37.ca\\\/#website\",\"url\":\"https:\\\/\\\/ib37.ca\\\/\",\"name\":\"Industries B37 Inc.\",\"description\":\"Metal laser cutting services\",\"publisher\":{\"@id\":\"https:\\\/\\\/ib37.ca\\\/#organization\"},\"potentialAction\":[{\"@type\":\"SearchAction\",\"target\":{\"@type\":\"EntryPoint\",\"urlTemplate\":\"https:\\\/\\\/ib37.ca\\\/?s={search_term_string}\"},\"query-input\":{\"@type\":\"PropertyValueSpecification\",\"valueRequired\":true,\"valueName\":\"search_term_string\"}}],\"inLanguage\":\"fr-FR\"},{\"@type\":\"Organization\",\"@id\":\"https:\\\/\\\/ib37.ca\\\/#organization\",\"name\":\"Industries B37 Inc.\",\"url\":\"https:\\\/\\\/ib37.ca\\\/\",\"logo\":{\"@type\":\"ImageObject\",\"inLanguage\":\"fr-FR\",\"@id\":\"https:\\\/\\\/ib37.ca\\\/#\\\/schema\\\/logo\\\/image\\\/\",\"url\":\"https:\\\/\\\/ib37.ca\\\/wp-content\\\/uploads\\\/2020\\\/10\\\/Industries-B37-01-scaled.jpg\",\"contentUrl\":\"https:\\\/\\\/ib37.ca\\\/wp-content\\\/uploads\\\/2020\\\/10\\\/Industries-B37-01-scaled.jpg\",\"width\":2560,\"height\":1280,\"caption\":\"Industries B37 Inc.\"},\"image\":{\"@id\":\"https:\\\/\\\/ib37.ca\\\/#\\\/schema\\\/logo\\\/image\\\/\"}}]}<\/script>\n<!-- \/ Yoast SEO plugin. -->","yoast_head_json":{"title":"About - Industries B37 Inc. - Contact Us Now For Details","description":"IB37 can help you with your project from start to finish. From design to cutting, bending, and welding of sheet metal to final assembly.","robots":{"index":"index","follow":"follow","max-snippet":"max-snippet:-1","max-image-preview":"max-image-preview:large","max-video-preview":"max-video-preview:-1"},"canonical":"https:\/\/ib37.ca\/fr\/about\/","og_locale":"fr_FR","og_type":"article","og_title":"About - Industries B37 Inc. - Contact Us Now For Details","og_description":"IB37 can help you with your project from start to finish. From design to cutting, bending, and welding of sheet metal to final assembly.","og_url":"https:\/\/ib37.ca\/fr\/about\/","og_site_name":"Industries B37 Inc.","article_modified_time":"2024-10-04T14:12:33+00:00","twitter_card":"summary_large_image","twitter_misc":{"Dur\u00e9e de lecture estim\u00e9e":"1 minute"},"schema":{"@context":"https:\/\/schema.org","@graph":[{"@type":"WebPage","@id":"https:\/\/ib37.ca\/about\/","url":"https:\/\/ib37.ca\/about\/","name":"About - Industries B37 Inc. - Contact Us Now For Details","isPartOf":{"@id":"https:\/\/ib37.ca\/#website"},"datePublished":"2020-10-20T14:28:07+00:00","dateModified":"2024-10-04T14:12:33+00:00","description":"IB37 can help you with your project from start to finish. From design to cutting, bending, and welding of sheet metal to final assembly.","breadcrumb":{"@id":"https:\/\/ib37.ca\/about\/#breadcrumb"},"inLanguage":"fr-FR","potentialAction":[{"@type":"ReadAction","target":["https:\/\/ib37.ca\/about\/"]}]},{"@type":"BreadcrumbList","@id":"https:\/\/ib37.ca\/about\/#breadcrumb","itemListElement":[{"@type":"ListItem","position":1,"name":"Home","item":"https:\/\/ib37.ca\/"},{"@type":"ListItem","position":2,"name":"About"}]},{"@type":"WebSite","@id":"https:\/\/ib37.ca\/#website","url":"https:\/\/ib37.ca\/","name":"Industries B37 Inc.","description":"Metal laser cutting services","publisher":{"@id":"https:\/\/ib37.ca\/#organization"},"potentialAction":[{"@type":"SearchAction","target":{"@type":"EntryPoint","urlTemplate":"https:\/\/ib37.ca\/?s={search_term_string}"},"query-input":{"@type":"PropertyValueSpecification","valueRequired":true,"valueName":"search_term_string"}}],"inLanguage":"fr-FR"},{"@type":"Organization","@id":"https:\/\/ib37.ca\/#organization","name":"Industries B37 Inc.","url":"https:\/\/ib37.ca\/","logo":{"@type":"ImageObject","inLanguage":"fr-FR","@id":"https:\/\/ib37.ca\/#\/schema\/logo\/image\/","url":"https:\/\/ib37.ca\/wp-content\/uploads\/2020\/10\/Industries-B37-01-scaled.jpg","contentUrl":"https:\/\/ib37.ca\/wp-content\/uploads\/2020\/10\/Industries-B37-01-scaled.jpg","width":2560,"height":1280,"caption":"Industries B37 Inc."},"image":{"@id":"https:\/\/ib37.ca\/#\/schema\/logo\/image\/"}}]}},"jetpack_sharing_enabled":true,"_links":{"self":[{"href":"https:\/\/ib37.ca\/fr\/wp-json\/wp\/v2\/pages\/7","targetHints":{"allow":["GET"]}}],"collection":[{"href":"https:\/\/ib37.ca\/fr\/wp-json\/wp\/v2\/pages"}],"about":[{"href":"https:\/\/ib37.ca\/fr\/wp-json\/wp\/v2\/types\/page"}],"author":[{"embeddable":true,"href":"https:\/\/ib37.ca\/fr\/wp-json\/wp\/v2\/users\/1"}],"replies":[{"embeddable":true,"href":"https:\/\/ib37.ca\/fr\/wp-json\/wp\/v2\/comments?post=7"}],"version-history":[{"count":27,"href":"https:\/\/ib37.ca\/fr\/wp-json\/wp\/v2\/pages\/7\/revisions"}],"predecessor-version":[{"id":875,"href":"https:\/\/ib37.ca\/fr\/wp-json\/wp\/v2\/pages\/7\/revisions\/875"}],"wp:attachment":[{"href":"https:\/\/ib37.ca\/fr\/wp-json\/wp\/v2\/media?parent=7"}],"curies":[{"name":"wp","href":"https:\/\/api.w.org\/{rel}","templated":true}]}}