{"id":8,"date":"2020-10-20T14:28:07","date_gmt":"2020-10-20T14:28:07","guid":{"rendered":"https:\/\/ib37.ca\/home\/"},"modified":"2024-11-12T18:37:20","modified_gmt":"2024-11-12T18:37:20","slug":"home","status":"publish","type":"page","link":"https:\/\/ib37.ca\/fr\/","title":{"rendered":"Accueil"},"content":{"rendered":"De conception \u00e0 assemblage final\n\n\n<p style=\"text-align: justify;\"><span style=\"font-size: 14px;\"><span style=\"line-height: 1.5;\"><\/span>Notre \u00e9quipe de professionnels est form\u00e9e pour mener \u00e0 bien votre projet de fabrication, de la conception 2D et 3D \u00e0 l'assemblage final de votre produit. Gr\u00e2ce \u00e0 nos machines et \u00e0 nos logiciels performants, nous pouvons transformer une t\u00f4le en votre produit par d\u00e9coupe laser, pliage et soudage. Une fois la t\u00f4le transform\u00e9e, nous pouvons proc\u00e9der \u00e0 l'assemblage final de votre innovation. Pour vos projets de fabrication cl\u00e9s en main, Industries B37 poss\u00e8de l'expertise requise.<\/span><\/p>\n\n\n<p><span style=\"color: rgb(255, 255, 255);\"><span style=\"font-size: 24px;\">Nos services<\/span><span style=\"font-size: 20px;\"><strong><\/strong><\/span>\n<\/span><\/p>\n\n\n\n\n\n\n\n\n\n\n\n\n\n\u00c9conomie de Mat\u00e9riel\n\n\n\n<p style=\"text-align: justify; font-size: 14px;\"><span style=\"line-height: 1.5;\"><\/span>Gr\u00e2ce \u00e0 notre logiciel d'imbrication avanc\u00e9, nous pouvons optimiser l'utilisation des mat\u00e9riaux, les mouvements des machines, la main-d'\u0153uvre et la gestion des donn\u00e9es. Notre service d'ing\u00e9nierie peut vous aider dans la conception, le dessin ou m\u00eame les petits ajustements de vos pi\u00e8ces.&nbsp;<span style=\"background-color: transparent;\">De plus, nous pouvons importer directement tout fichier 2D et 3D important pour la cr\u00e9ation de vos pi\u00e8ces.&nbsp;<\/span><\/p>\n\n\n\n\n\n\nNotre expertise\n\n\n\n\n\n<p style=\"\"><span style=\"font-size: 14px;\">Our CO2 laser machine provides a high cut edge quality, yielding parts that do not need rework. Sheets of up to 1\/2&#8243; (mild steel) thickness can be cut with a smooth and clean finish.<\/span><\/p>\n\n\n\n<p style=\"font-size: 14px\">Les r\u00e9sultats du pliage de la t\u00f4le sont cruciaux pour \u00e9viter les probl\u00e8mes en aval de la cha\u00eene de production. Nos op\u00e9rateurs sont form\u00e9s \u00e0 l'utilisation efficace et pr\u00e9cise de l'\u00e9quipement, pour que les pi\u00e8ces r\u00e9pondent \u00e0 vos exigences.<\/p>\n\n\n\n<p style=\"font-size: 14px\">Les soudures sont essentielles \u00e0 l'int\u00e9grit\u00e9 de toute fabrication impliquant du m\u00e9tal \u00e0 assembler.\u00a0Nos soudeurs experts ont non seulement de nombreuses heures d'exp\u00e9rience en mati\u00e8re de soudage, mais la patience, la concentration et un \u0153il vif font \u00e9galement partie de leur bo\u00eete \u00e0 outils.<\/p>\n\n\n\n\n\n\n\n\nCapacit\u00e9s de d\u00e9coupe\n\n\n<p style=\"text-align: center; \"><span style=\"font-size: 20px; font-style: inherit; font-variant-ligatures: inherit; font-variant-caps: inherit;\"><strong>DIMENSION DE LA TABLE<\/strong><\/span><\/p><p style=\"text-align: center; \"><span style=\"font-size: 16px; font-style: inherit; font-variant-ligatures: inherit; font-variant-caps: inherit;\"><strong>48 po x 120 po<\/strong><\/span><\/p><span style=\"font-size: 16px;\"><strong><br><\/strong><\/span><p style=\"text-align: center; \"><span style=\"font-size: 20px; font-style: inherit; font-variant-ligatures: inherit; font-variant-caps: inherit;\"><strong>\u00c9PAISSEUR DES MAT\u00c9RIAUX<\/strong><\/span><\/p><p style=\"text-align: center; \"><span style=\"font-size: 16px;\"><strong>Acier carbone : jusqu'\u00e0 1\/2 po<\/strong><\/span><\/p><p style=\"text-align: center; \"><span style=\"font-size: 16px;\"><strong>Acier inoxydable: jusqu'\u00e0 1\/4 po<\/strong><\/span><\/p><p style=\"text-align: center; \"><span style=\"font-size: 16px;\"><strong>Aluminium : jusqu'\u00e0 1\/4 po<\/strong><\/span><\/p>\n\n\n\n\nPliage\n\n\n<p style=\"text-align: center; \"><strong><span style=\"font-size: 20px;\">MAT\u00c9RIAUX<\/span><\/strong><\/p><p style=\"text-align: center; \"><strong><span style=\"font-size: 16px;\">Acier carbone<\/span><\/strong><\/p><p style=\"text-align: center; \"><strong><span style=\"font-size: 16px;\">Acier inoxydable<\/span><\/strong><\/p><p style=\"text-align: center; \"><strong style=\"background-color: transparent; font-size: 16px;\"><span style=\"font-size: 16px;\">Aluminium<\/span><\/strong><\/p><p style=\"text-align: center; \"><strong style=\"background-color: transparent; font-size: 16px;\"><span style=\"font-size: 16px;\">Galvanis\u00e9<\/span><\/strong><\/p><p style=\"text-align: center; \"><strong style=\"background-color: transparent; font-size: 12px;\"><span style=\"font-size: 20px;\">\u00c9paisseurs : jusqu'\u00e0 1\/4 po<\/span><\/strong><\/p><p style=\"text-align: center; \"><strong style=\"background-color: transparent; font-size: 12px;\"><span style=\"font-size: 20px;\">Longueurs : jusqu'\u00e0 8 pi<\/span><\/strong><\/p>\n\n\n\n\n\nRecent Projects\n\n\n\n\n\n\n\n\n\n\n\n\n\n\n\n\n\n\n\n\n\n\n\n\n\n\n\n\n\n\n\n\n\n\n\n\n\n\n\n\n\n\n\n\n\n\nSome of our clients\n\n\n\n\n\n\n<h2>Production D'\u00c9lectricit\u00e9<\/h2>\n\n\n\n<h2>Aerospatiale<\/h2>\n\n\n\n<h2>\u00c9clairage<\/h2>\n\n\n\n<h2>Transport<\/h2>\n\n\n\n<h2>Vol Spatial<\/h2>\n\n\n\n\n\n<h2>\u00c9quipement Sportif<\/h2>\n\n\n\n<h2>Sant\u00e9<\/h2>\n\n\n\n<h2>Construction<\/h2>\n\n\n\n<h2>Aerospatiale<\/h2>\n\n\n\n<h2>Architecture<\/h2>\n\n\n\n\n\n<h2>Construction<\/h2>\n\n\n\n<h2>Fabrication d'Acier<\/h2>\n\n\n\n<h2>Construction<\/h2>\n\n\n\n<h2>Machinerie<\/h2>\n\n\n\n<h2>M\u00e9decine L\u00e9gale<\/h2>","protected":false},"excerpt":{"rendered":"","protected":false},"author":1,"featured_media":0,"parent":0,"menu_order":0,"comment_status":"closed","ping_status":"closed","template":"","meta":{"pagelayer_contact_templates":[],"_pagelayer_content":"","footnotes":""},"class_list":["post-8","page","type-page","status-publish","hentry"],"yoast_head":"<!-- This site is optimized with the Yoast SEO plugin v27.4 - https:\/\/yoast.com\/product\/yoast-seo-wordpress\/ -->\n<title>Home - Industries B37 Inc. - Metal laser cutting services<\/title>\n<meta name=\"description\" content=\"IB37 offers metal laser cutting, bending, welding, assembly, and metal finishing services. Mild steel, stainless steel, galvanized, and aluminum materials.\" \/>\n<meta name=\"robots\" content=\"index, follow, max-snippet:-1, max-image-preview:large, max-video-preview:-1\" \/>\n<link rel=\"canonical\" href=\"https:\/\/ib37.ca\/fr\/\" \/>\n<meta property=\"og:locale\" content=\"fr_FR\" \/>\n<meta property=\"og:type\" content=\"article\" \/>\n<meta property=\"og:title\" content=\"Home - Industries B37 Inc. - Metal laser cutting services\" \/>\n<meta property=\"og:description\" content=\"IB37 offers metal laser cutting, bending, welding, assembly, and metal finishing services. Mild steel, stainless steel, galvanized, and aluminum materials.\" \/>\n<meta property=\"og:url\" content=\"https:\/\/ib37.ca\/fr\/\" \/>\n<meta property=\"og:site_name\" content=\"Industries B37 Inc.\" \/>\n<meta property=\"article:modified_time\" content=\"2024-11-12T18:37:20+00:00\" \/>\n<meta name=\"twitter:card\" content=\"summary_large_image\" \/>\n<meta name=\"twitter:label1\" content=\"Dur\u00e9e de lecture estim\u00e9e\" \/>\n\t<meta name=\"twitter:data1\" content=\"2 minutes\" \/>\n<script type=\"application\/ld+json\" class=\"yoast-schema-graph\">{\"@context\":\"https:\\\/\\\/schema.org\",\"@graph\":[{\"@type\":\"WebPage\",\"@id\":\"https:\\\/\\\/ib37.ca\\\/\",\"url\":\"https:\\\/\\\/ib37.ca\\\/\",\"name\":\"Home - Industries B37 Inc. - Metal laser cutting services\",\"isPartOf\":{\"@id\":\"https:\\\/\\\/ib37.ca\\\/#website\"},\"datePublished\":\"2020-10-20T14:28:07+00:00\",\"dateModified\":\"2024-11-12T18:37:20+00:00\",\"description\":\"IB37 offers metal laser cutting, bending, welding, assembly, and metal finishing services. Mild steel, stainless steel, galvanized, and aluminum materials.\",\"breadcrumb\":{\"@id\":\"https:\\\/\\\/ib37.ca\\\/#breadcrumb\"},\"inLanguage\":\"fr-FR\",\"potentialAction\":[{\"@type\":\"ReadAction\",\"target\":[\"https:\\\/\\\/ib37.ca\\\/\"]}]},{\"@type\":\"BreadcrumbList\",\"@id\":\"https:\\\/\\\/ib37.ca\\\/#breadcrumb\",\"itemListElement\":[{\"@type\":\"ListItem\",\"position\":1,\"name\":\"Home\",\"item\":\"https:\\\/\\\/ib37.ca\\\/\"},{\"@type\":\"ListItem\",\"position\":2,\"name\":\"Home\"}]},{\"@type\":\"WebSite\",\"@id\":\"https:\\\/\\\/ib37.ca\\\/#website\",\"url\":\"https:\\\/\\\/ib37.ca\\\/\",\"name\":\"Industries B37 Inc.\",\"description\":\"Metal laser cutting services\",\"publisher\":{\"@id\":\"https:\\\/\\\/ib37.ca\\\/#organization\"},\"potentialAction\":[{\"@type\":\"SearchAction\",\"target\":{\"@type\":\"EntryPoint\",\"urlTemplate\":\"https:\\\/\\\/ib37.ca\\\/?s={search_term_string}\"},\"query-input\":{\"@type\":\"PropertyValueSpecification\",\"valueRequired\":true,\"valueName\":\"search_term_string\"}}],\"inLanguage\":\"fr-FR\"},{\"@type\":\"Organization\",\"@id\":\"https:\\\/\\\/ib37.ca\\\/#organization\",\"name\":\"Industries B37 Inc.\",\"url\":\"https:\\\/\\\/ib37.ca\\\/\",\"logo\":{\"@type\":\"ImageObject\",\"inLanguage\":\"fr-FR\",\"@id\":\"https:\\\/\\\/ib37.ca\\\/#\\\/schema\\\/logo\\\/image\\\/\",\"url\":\"https:\\\/\\\/ib37.ca\\\/wp-content\\\/uploads\\\/2020\\\/10\\\/Industries-B37-01-scaled.jpg\",\"contentUrl\":\"https:\\\/\\\/ib37.ca\\\/wp-content\\\/uploads\\\/2020\\\/10\\\/Industries-B37-01-scaled.jpg\",\"width\":2560,\"height\":1280,\"caption\":\"Industries B37 Inc.\"},\"image\":{\"@id\":\"https:\\\/\\\/ib37.ca\\\/#\\\/schema\\\/logo\\\/image\\\/\"}}]}<\/script>\n<!-- \/ Yoast SEO plugin. -->","yoast_head_json":{"title":"Home - Industries B37 Inc. - Metal laser cutting services","description":"IB37 offers metal laser cutting, bending, welding, assembly, and metal finishing services. Mild steel, stainless steel, galvanized, and aluminum materials.","robots":{"index":"index","follow":"follow","max-snippet":"max-snippet:-1","max-image-preview":"max-image-preview:large","max-video-preview":"max-video-preview:-1"},"canonical":"https:\/\/ib37.ca\/fr\/","og_locale":"fr_FR","og_type":"article","og_title":"Home - Industries B37 Inc. - Metal laser cutting services","og_description":"IB37 offers metal laser cutting, bending, welding, assembly, and metal finishing services. Mild steel, stainless steel, galvanized, and aluminum materials.","og_url":"https:\/\/ib37.ca\/fr\/","og_site_name":"Industries B37 Inc.","article_modified_time":"2024-11-12T18:37:20+00:00","twitter_card":"summary_large_image","twitter_misc":{"Dur\u00e9e de lecture estim\u00e9e":"2 minutes"},"schema":{"@context":"https:\/\/schema.org","@graph":[{"@type":"WebPage","@id":"https:\/\/ib37.ca\/","url":"https:\/\/ib37.ca\/","name":"Home - Industries B37 Inc. - Metal laser cutting services","isPartOf":{"@id":"https:\/\/ib37.ca\/#website"},"datePublished":"2020-10-20T14:28:07+00:00","dateModified":"2024-11-12T18:37:20+00:00","description":"IB37 offers metal laser cutting, bending, welding, assembly, and metal finishing services. Mild steel, stainless steel, galvanized, and aluminum materials.","breadcrumb":{"@id":"https:\/\/ib37.ca\/#breadcrumb"},"inLanguage":"fr-FR","potentialAction":[{"@type":"ReadAction","target":["https:\/\/ib37.ca\/"]}]},{"@type":"BreadcrumbList","@id":"https:\/\/ib37.ca\/#breadcrumb","itemListElement":[{"@type":"ListItem","position":1,"name":"Home","item":"https:\/\/ib37.ca\/"},{"@type":"ListItem","position":2,"name":"Home"}]},{"@type":"WebSite","@id":"https:\/\/ib37.ca\/#website","url":"https:\/\/ib37.ca\/","name":"Industries B37 Inc.","description":"Metal laser cutting services","publisher":{"@id":"https:\/\/ib37.ca\/#organization"},"potentialAction":[{"@type":"SearchAction","target":{"@type":"EntryPoint","urlTemplate":"https:\/\/ib37.ca\/?s={search_term_string}"},"query-input":{"@type":"PropertyValueSpecification","valueRequired":true,"valueName":"search_term_string"}}],"inLanguage":"fr-FR"},{"@type":"Organization","@id":"https:\/\/ib37.ca\/#organization","name":"Industries B37 Inc.","url":"https:\/\/ib37.ca\/","logo":{"@type":"ImageObject","inLanguage":"fr-FR","@id":"https:\/\/ib37.ca\/#\/schema\/logo\/image\/","url":"https:\/\/ib37.ca\/wp-content\/uploads\/2020\/10\/Industries-B37-01-scaled.jpg","contentUrl":"https:\/\/ib37.ca\/wp-content\/uploads\/2020\/10\/Industries-B37-01-scaled.jpg","width":2560,"height":1280,"caption":"Industries B37 Inc."},"image":{"@id":"https:\/\/ib37.ca\/#\/schema\/logo\/image\/"}}]}},"jetpack_sharing_enabled":true,"_links":{"self":[{"href":"https:\/\/ib37.ca\/fr\/wp-json\/wp\/v2\/pages\/8","targetHints":{"allow":["GET"]}}],"collection":[{"href":"https:\/\/ib37.ca\/fr\/wp-json\/wp\/v2\/pages"}],"about":[{"href":"https:\/\/ib37.ca\/fr\/wp-json\/wp\/v2\/types\/page"}],"author":[{"embeddable":true,"href":"https:\/\/ib37.ca\/fr\/wp-json\/wp\/v2\/users\/1"}],"replies":[{"embeddable":true,"href":"https:\/\/ib37.ca\/fr\/wp-json\/wp\/v2\/comments?post=8"}],"version-history":[{"count":91,"href":"https:\/\/ib37.ca\/fr\/wp-json\/wp\/v2\/pages\/8\/revisions"}],"predecessor-version":[{"id":763,"href":"https:\/\/ib37.ca\/fr\/wp-json\/wp\/v2\/pages\/8\/revisions\/763"}],"wp:attachment":[{"href":"https:\/\/ib37.ca\/fr\/wp-json\/wp\/v2\/media?parent=8"}],"curies":[{"name":"wp","href":"https:\/\/api.w.org\/{rel}","templated":true}]}}